{"id":94,"date":"2024-09-16T17:03:25","date_gmt":"2024-09-16T15:03:25","guid":{"rendered":"https:\/\/frank-the-tank.de\/?page_id=94"},"modified":"2025-06-15T08:57:30","modified_gmt":"2025-06-15T06:57:30","slug":"vorstandundziele","status":"publish","type":"page","link":"https:\/\/frank-the-tank.de\/?page_id=94","title":{"rendered":"Vereinsziele"},"content":{"rendered":"\t\t<div data-elementor-type=\"wp-page\" data-elementor-id=\"94\" class=\"elementor elementor-94\">\n\t\t\t\t<div class=\"elementor-element elementor-element-576f4db e-flex e-con-boxed e-con e-parent\" data-id=\"576f4db\" data-element_type=\"container\" data-e-type=\"container\">\n\t\t\t\t\t<div class=\"e-con-inner\">\n\t\t\t\t<div class=\"elementor-element elementor-element-8483dfc elementor-widget elementor-widget-heading\" data-id=\"8483dfc\" data-element_type=\"widget\" data-e-type=\"widget\" data-widget_type=\"heading.default\">\n\t\t\t\t<div class=\"elementor-widget-container\">\n\t\t\t\t\t<h2 class=\"elementor-heading-title elementor-size-default\">Vereinsziele<\/h2>\t\t\t\t<\/div>\n\t\t\t\t<\/div>\n\t\t<div class=\"elementor-element elementor-element-cbc7621 e-con-full e-flex e-con e-child\" data-id=\"cbc7621\" data-element_type=\"container\" data-e-type=\"container\">\n\t\t<div class=\"elementor-element elementor-element-6dd9063 e-con-full e-flex e-con e-child\" data-id=\"6dd9063\" data-element_type=\"container\" data-e-type=\"container\">\n\t\t\t\t<div class=\"elementor-element elementor-element-b8f33bb elementor-widget elementor-widget-image\" data-id=\"b8f33bb\" data-element_type=\"widget\" data-e-type=\"widget\" data-widget_type=\"image.default\">\n\t\t\t\t<div class=\"elementor-widget-container\">\n\t\t\t\t\t\t\t\t\t\t\t\t\t\t\t<img decoding=\"async\" src=\"https:\/\/frank-the-tank.de\/wp-content\/plugins\/elementor\/assets\/images\/placeholder.png\" title=\"\" alt=\"\" loading=\"lazy\" \/>\t\t\t\t\t\t\t\t\t\t\t\t\t\t\t<\/div>\n\t\t\t\t<\/div>\n\t\t\t\t<\/div>\n\t\t<div class=\"elementor-element elementor-element-67911fb e-con-full e-flex e-con e-child\" data-id=\"67911fb\" data-element_type=\"container\" data-e-type=\"container\">\n\t\t\t\t<div class=\"elementor-element elementor-element-90fac41 elementor-widget elementor-widget-text-editor\" data-id=\"90fac41\" data-element_type=\"widget\" data-e-type=\"widget\" data-widget_type=\"text-editor.default\">\n\t\t\t\t<div class=\"elementor-widget-container\">\n\t\t\t\t\t\t\t\t\t<p>1. Vorsitzende:<br \/>Monika Seyfarth<\/p><p>2. Vorsitzender:<br \/>Eric K\u00fchn<\/p><p>Kassenwart:<br \/>Frank Simon<\/p><p>Schriftf\u00fchrerin:<br \/>Marion Rupp<\/p><p>Redationsleitung:<br \/>Britta Simon<\/p><p>Beisitzerinnen und Beisitzer:<br \/>Roswitha Beck<br \/>Helmut Diemer<\/p>\t\t\t\t\t\t\t\t<\/div>\n\t\t\t\t<\/div>\n\t\t\t\t<\/div>\n\t\t\t\t<\/div>\n\t\t\t\t\t<\/div>\n\t\t\t\t<\/div>\n\t\t<div class=\"elementor-element elementor-element-050c5aa e-flex e-con-boxed e-con e-parent\" data-id=\"050c5aa\" data-element_type=\"container\" data-e-type=\"container\">\n\t\t\t\t\t<div class=\"e-con-inner\">\n\t\t\t\t<div class=\"elementor-element elementor-element-9e5ecf8 elementor-widget elementor-widget-heading\" data-id=\"9e5ecf8\" data-element_type=\"widget\" data-e-type=\"widget\" data-widget_type=\"heading.default\">\n\t\t\t\t<div class=\"elementor-widget-container\">\n\t\t\t\t\t<h2 class=\"elementor-heading-title elementor-size-default\">Vereinsziele<\/h2>\t\t\t\t<\/div>\n\t\t\t\t<\/div>\n\t\t\t\t<div class=\"elementor-element elementor-element-00c5509 elementor-widget elementor-widget-text-editor\" data-id=\"00c5509\" data-element_type=\"widget\" data-e-type=\"widget\" data-widget_type=\"text-editor.default\">\n\t\t\t\t<div class=\"elementor-widget-container\">\n\t\t\t\t\t\t\t\t\t<p><strong>Wir stellen uns vor <\/strong><\/p><p>Gegr\u00fcndet wurde der Oldies-Club Wetterau e.V.,\u00a0kurz OCW genannt, am 3.September 1996.\u00a0Er ist eingetragen beim\u00a0Registergericht Friedberg unter der Nr. VR 947 im Vereinsregister. Unser Vereinslokal ist seit Mai 2025 das Gasthaus \u201eZur Wetterau\u201c Hauptstra\u00dfe 36 in 35519 Rockenberg-Oppershofen. Der Club m\u00f6chte aktiven Musikern, die der Musik der 50er bis 80er Jahre und dar\u00fcber hinaus eine B\u00fchne geben. Ebenso wollen wir dazu beitragen, dass die Musik\u00a0dieser Epoche als Kulturgut angesehen wird und erhalten bleibt. Der OCW wurde inzwischen weit \u00fcber die Grenzen der Wetterau hinaus zu einer Heimat f\u00fcr viele Oldies-Fans. Wenn es um unser Hobby, die Oldies-Musik geht, ziehen alle Rock- und\u00a0Beatbands, Musiklokalinhaber, Veranstalter, Vereine und OCW-Mitglieder an einem Strang.<br \/>Zu unseren F\u00f6rderern geh\u00f6ren, neben zahlreichen Sponsoren und\u00a0Wirtschaftsunternehmen, das Kulturamt der Stadt Friedberg. Glaubt man den Aussagen vieler Oldies Fans, so sind wir aus der hiesigen\u00a0Kulturszene nicht mehr wegzudenken.<br \/>Aber nicht nur die Musik wird bei uns gro\u00dfgeschrieben. Auch das Vergn\u00fcgen\u00a0kommt nicht zu kurz. Wir veranstalten zum Beispiel Vereinsausfl\u00fcge,\u00a0Sommerfeste, Weihnachtsfeiern, wenn gew\u00fcnscht Musikerflohm\u00e4rkte und noch vieles mehr.<\/p><p>Seit 3 Jahren veranstalten wir gemeinsam mit dem FC Olympia Friedberg-Fauerbach Open Airs mit tollen Tribute Bands, wie \u201eMerqury\u201c, \u201eLittle River Eagles\u201c oder \u201eMaffay Pur\u201c. Die Zusammenarbeit ist perfekt.\u00a0\u00a0<\/p>\t\t\t\t\t\t\t\t<\/div>\n\t\t\t\t<\/div>\n\t\t\t\t<div class=\"elementor-element elementor-element-3b508ec elementor-widget elementor-widget-text-editor\" data-id=\"3b508ec\" data-element_type=\"widget\" data-e-type=\"widget\" data-widget_type=\"text-editor.default\">\n\t\t\t\t<div class=\"elementor-widget-container\">\n\t\t\t\t\t\t\t\t\t<p><strong>Unsere Ziele <\/strong><\/p><p>Durch regelm\u00e4\u00dfige Treffs, gegenseitigen Informationsaustausch und Gespr\u00e4che an Clubabenden, bei anderen Veranstaltungen oder Konzertbesuchen, halten wir uns in der Oldies Szene auf dem Laufenden und werden so unseren\u00a0Aufgaben hinsichtlich der Oldie Musik-F\u00f6rderung und deren Erhalt gerecht, wie wir es auch in unserer Satzung verankert haben.<br \/><br \/>Wir geben Oldies-Bands eine Plattform sich zu pr\u00e4sentieren, indem sie\u00a0entweder an unseren Clubabenden oder an einem gr\u00f6\u00dferen Event spielen.\u00a0Letzteres kann entweder vom OCW selbst veranstaltet werden oder die Band werden auf Empfehlung an andere Veranstalter weiter vermittelt.<br \/>Da der Eintritt zu unseren \u00f6ffentlichen Clubabenden frei ist und wir bis\u00a0einschlie\u00dflich Dezember Clubabende f\u00fcr unsere Besuchern stets Livemusik\u00a0pr\u00e4sentieren, tun wir auch in dieser Hinsicht viel f\u00fcr die F\u00f6rderung und den Erhalt der Oldie &#8211; Musik.<br \/>Wir sind ein familienfreundlicher Verein, der keine Altersgrenze kennt und\u00a0bei uns stimmt das sogenannte Preis-Leistungs-Verh\u00e4ltnis. Wenn Sie sich\u00a0unserer Meinung und unserem Konzept anschlie\u00dfen k\u00f6nnen, sind Sie bei uns genau richtig.<\/p><p>\u00dcber vergangene Veranstaltungen und Clubabende berichten wir auf unserer Startseite. St\u00f6bern Sie einfach mal auf unserer Homepage unter www.ocw-online.de<\/p>\t\t\t\t\t\t\t\t<\/div>\n\t\t\t\t<\/div>\n\t\t\t\t<div class=\"elementor-element elementor-element-078b105 elementor-widget elementor-widget-text-editor\" data-id=\"078b105\" data-element_type=\"widget\" data-e-type=\"widget\" data-widget_type=\"text-editor.default\">\n\t\t\t\t<div class=\"elementor-widget-container\">\n\t\t\t\t\t\t\t\t\t<p><strong>Durchf\u00fchrung von Veranstaltungen<\/strong><\/p><p>Wir der\u00a0Oldies-Club Wetterau\u00a0unterst\u00fctzen bei Veranstaltungen und f\u00fchren auch eigene Events durch. Gerne vermitteln wir Bands. Siehe Rubrik: Beratung bei Gigs\/Veranstaltungen.<br \/>F\u00fcr die Durchf\u00fchrung von Livemusik-Veranstaltungen kann der Oldies Club Wetterau u.a. auf insgesamt 36 Bands oder auch Solomusiker zur\u00fcckgreifen. Eine detaillierte Auflistung finden Sie\u00a0in der Rubrik \u201cBands\u201c auf dieser Homepage.<\/p><p>Unsere Clubabende mit Live-Bands, die bis April 2025 im Saal des Vereinslokales \u201cZum Raabennest\u201d stattfanden und wir jetzt unsere neue Heimat in Rockenberg-Oppershofen im Gasthaus \u201eZur Wetterau\u201c gefunden haben, sind sehr beliebt. Sie finden zweimal im Monat statt.<\/p><p>Blicken wir auf fast 30 Jahre Oldies Club Wetterau zur\u00fcck, waren doch das absolute Jahres-Highlight unsere Open-Airs, die jahrelang im Friedberger Burggarten stattfanden und ab 2006 \u2013 2018 im Zirkuszelt Renz auf der Seewiese in Friedberg. Hier scheuten wir uns auch nicht vor gro\u00dfen Namen der\u00a0internationalen Beat-Szene, wie z.B.: The Lords, The Rattles, Swingin\u00b4 Blue Jeans, Graham Bonney, Tony Sheridan, The Beatles Revival\u00a0Band, The Petards, Chris Andrews, Lee Curtis &amp; The Bonds,\u00a0The\u00a0Governors, Kingsize Taylor &amp; The Brotherhood of Rock`n Soul, John\u00a0Idan, The Polars, Merqury, Night Fever u.v.m. Unsere vielen Mitgliedsbands haben stets dazu beigetragen, dass diese Veranstaltungen zu einem gro\u00dfen Erfolg wurden.<\/p>\t\t\t\t\t\t\t\t<\/div>\n\t\t\t\t<\/div>\n\t\t\t\t<div class=\"elementor-element elementor-element-45b69bd elementor-widget elementor-widget-text-editor\" data-id=\"45b69bd\" data-element_type=\"widget\" data-e-type=\"widget\" data-widget_type=\"text-editor.default\">\n\t\t\t\t<div class=\"elementor-widget-container\">\n\t\t\t\t\t\t\t\t\t<p><strong>Clubzeitung\u00a0 <\/strong><\/p><p>Verantwortlich f\u00fcr das Erscheinen der Clubzeitung ist die OCW-Redaktion. Die Clubzeitung, auch OCW &#8211; NEWS genannt, erscheint viertelj\u00e4hrlich. Die Zeitung wird durch unsere Werbepartner finanziert. Dadurch ist es uns m\u00f6glich, diese kostenlos an die Mitglieder des OCW zu verteilen. Die Clubzeitung ist nur an den Clubabenden oder an Veranstaltungen erh\u00e4ltlich. Mitglieder, die aus gesundheitlichen Gr\u00fcnden nicht an den Clubabenden teilnehmen k\u00f6nnen, bekommen sie auf Wunsch nach Hause gesendet.<\/p><p>Die Zeitung beinhaltet u.a. Club-Infos, Termine unserer Bands und auch von anderen Bands oder Veranstaltern, Event-R\u00fcckblicke, aktuelle Infos aus der Oldie Szene und diverse Serien. F\u00fcr kochbegeisterte Oldies Fans befindet sich in jeder Ausgabe ein Kochrezept.<\/p>\t\t\t\t\t\t\t\t<\/div>\n\t\t\t\t<\/div>\n\t\t\t\t<div class=\"elementor-element elementor-element-7d4c5a5 elementor-widget elementor-widget-text-editor\" data-id=\"7d4c5a5\" data-element_type=\"widget\" data-e-type=\"widget\" data-widget_type=\"text-editor.default\">\n\t\t\t\t<div class=\"elementor-widget-container\">\n\t\t\t\t\t\t\t\t\t<p><strong>Jugendf\u00f6rderung<\/strong><\/p><p>Die Jugendarbeit ist f\u00fcr uns eine\u00a0wichtige Aufgabe, dies haben wir auch in unserer Vereinssatzung so verankert.\u00a0<br \/>Jugendliche, die sich der Musik der 60er, 70er und 80er Jahre\u00a0und dar\u00fcber hinaus verschrieben haben, stehen wir beim Start hilfreich zur Seite. Wir helfen im Rahmen unserer M\u00f6glichkeiten bei der Spielortsuche, bewerben die Veranstaltung in unserer Clubzeitung, auf Facebook\u00a0und auf unserer Homepage\u00a0www.ocw-online.de<br \/>2014 haben wir zum Beispiel eine Jugend-und Nachwuchsband aus Ockstadt gef\u00f6rdert. \u201cRockstadt\u201d spielte im Vorprogramm bei unserem 1.Sommerfest 2014 im Vereinslokal Raabennest in Beienheim. Lesen Sie hierzu auch die Presseberichte und sehen sich die Fotos auf unserer Galerie, auf der OCW Homepage, an.<br \/>Generell m\u00f6chten wir dem Nachwuchs die M\u00f6glichkeit geben erste Erfahrungen auf der B\u00fchne zu sammeln und die Scheu vor dem Publikum zu\u00a0verlieren. Auch sparen wir nicht an Tipps damit sich die Musik perfekt anh\u00f6rt.<\/p>\t\t\t\t\t\t\t\t<\/div>\n\t\t\t\t<\/div>\n\t\t\t\t\t<\/div>\n\t\t\t\t<\/div>\n\t\t\t\t<\/div>\n\t\t","protected":false},"excerpt":{"rendered":"<p>Vereinsziele 1. Vorsitzende:Monika Seyfarth 2. Vorsitzender:Eric K\u00fchn Kassenwart:Frank Simon Schriftf\u00fchrerin:Marion Rupp Redationsleitung:Britta Simon Beisitzerinnen und Beisitzer:Roswitha BeckHelmut Diemer Vereinsziele Wir stellen uns vor Gegr\u00fcndet wurde der Oldies-Club Wetterau e.V.,\u00a0kurz OCW genannt, am 3.September 1996.\u00a0Er ist eingetragen beim\u00a0Registergericht Friedberg unter der Nr. VR 947 im Vereinsregister. Unser Vereinslokal ist seit Mai 2025 das Gasthaus \u201eZur Wetterau\u201c [&hellip;]<\/p>\n","protected":false},"author":1,"featured_media":0,"parent":0,"menu_order":0,"comment_status":"closed","ping_status":"closed","template":"","meta":{"ocean_post_layout":"full-screen","ocean_both_sidebars_style":"","ocean_both_sidebars_content_width":0,"ocean_both_sidebars_sidebars_width":0,"ocean_sidebar":"","ocean_second_sidebar":"","ocean_disable_margins":"enable","ocean_add_body_class":"","ocean_shortcode_before_top_bar":"","ocean_shortcode_after_top_bar":"","ocean_shortcode_before_header":"","ocean_shortcode_after_header":"","ocean_has_shortcode":"","ocean_shortcode_after_title":"","ocean_shortcode_before_footer_widgets":"","ocean_shortcode_after_footer_widgets":"","ocean_shortcode_before_footer_bottom":"","ocean_shortcode_after_footer_bottom":"","ocean_display_top_bar":"off","ocean_display_header":"off","ocean_header_style":"","ocean_center_header_left_menu":"","ocean_custom_header_template":"","ocean_custom_logo":0,"ocean_custom_retina_logo":0,"ocean_custom_logo_max_width":0,"ocean_custom_logo_tablet_max_width":0,"ocean_custom_logo_mobile_max_width":0,"ocean_custom_logo_max_height":0,"ocean_custom_logo_tablet_max_height":0,"ocean_custom_logo_mobile_max_height":0,"ocean_header_custom_menu":"","ocean_menu_typo_font_family":"","ocean_menu_typo_font_subset":"","ocean_menu_typo_font_size":0,"ocean_menu_typo_font_size_tablet":0,"ocean_menu_typo_font_size_mobile":0,"ocean_menu_typo_font_size_unit":"px","ocean_menu_typo_font_weight":"","ocean_menu_typo_font_weight_tablet":"","ocean_menu_typo_font_weight_mobile":"","ocean_menu_typo_transform":"","ocean_menu_typo_transform_tablet":"","ocean_menu_typo_transform_mobile":"","ocean_menu_typo_line_height":0,"ocean_menu_typo_line_height_tablet":0,"ocean_menu_typo_line_height_mobile":0,"ocean_menu_typo_line_height_unit":"","ocean_menu_typo_spacing":0,"ocean_menu_typo_spacing_tablet":0,"ocean_menu_typo_spacing_mobile":0,"ocean_menu_typo_spacing_unit":"","ocean_menu_link_color":"","ocean_menu_link_color_hover":"","ocean_menu_link_color_active":"","ocean_menu_link_background":"","ocean_menu_link_hover_background":"","ocean_menu_link_active_background":"","ocean_menu_social_links_bg":"","ocean_menu_social_hover_links_bg":"","ocean_menu_social_links_color":"","ocean_menu_social_hover_links_color":"","ocean_disable_title":"on","ocean_disable_heading":"default","ocean_post_title":"","ocean_post_subheading":"","ocean_post_title_style":"","ocean_post_title_background_color":"","ocean_post_title_background":0,"ocean_post_title_bg_image_position":"","ocean_post_title_bg_image_attachment":"","ocean_post_title_bg_image_repeat":"","ocean_post_title_bg_image_size":"","ocean_post_title_height":0,"ocean_post_title_bg_overlay":0.5,"ocean_post_title_bg_overlay_color":"","ocean_disable_breadcrumbs":"default","ocean_breadcrumbs_color":"","ocean_breadcrumbs_separator_color":"","ocean_breadcrumbs_links_color":"","ocean_breadcrumbs_links_hover_color":"","ocean_display_footer_widgets":"default","ocean_display_footer_bottom":"default","ocean_custom_footer_template":"","footnotes":""},"class_list":["post-94","page","type-page","status-publish","hentry","entry"],"_links":{"self":[{"href":"https:\/\/frank-the-tank.de\/index.php?rest_route=\/wp\/v2\/pages\/94","targetHints":{"allow":["GET"]}}],"collection":[{"href":"https:\/\/frank-the-tank.de\/index.php?rest_route=\/wp\/v2\/pages"}],"about":[{"href":"https:\/\/frank-the-tank.de\/index.php?rest_route=\/wp\/v2\/types\/page"}],"author":[{"embeddable":true,"href":"https:\/\/frank-the-tank.de\/index.php?rest_route=\/wp\/v2\/users\/1"}],"replies":[{"embeddable":true,"href":"https:\/\/frank-the-tank.de\/index.php?rest_route=%2Fwp%2Fv2%2Fcomments&post=94"}],"version-history":[{"count":27,"href":"https:\/\/frank-the-tank.de\/index.php?rest_route=\/wp\/v2\/pages\/94\/revisions"}],"predecessor-version":[{"id":394,"href":"https:\/\/frank-the-tank.de\/index.php?rest_route=\/wp\/v2\/pages\/94\/revisions\/394"}],"wp:attachment":[{"href":"https:\/\/frank-the-tank.de\/index.php?rest_route=%2Fwp%2Fv2%2Fmedia&parent=94"}],"curies":[{"name":"wp","href":"https:\/\/api.w.org\/{rel}","templated":true}]}}