{"id":201,"date":"2024-09-28T11:52:33","date_gmt":"2024-09-28T09:52:33","guid":{"rendered":"https:\/\/frank-the-tank.de\/?page_id=201"},"modified":"2024-09-28T11:59:40","modified_gmt":"2024-09-28T09:59:40","slug":"openair01082025","status":"publish","type":"page","link":"https:\/\/frank-the-tank.de\/?page_id=201","title":{"rendered":"OpenAir01082025"},"content":{"rendered":"\t\t<div data-elementor-type=\"wp-page\" data-elementor-id=\"201\" class=\"elementor elementor-201\">\n\t\t\t\t<div class=\"elementor-element elementor-element-466ba5f e-flex e-con-boxed e-con e-parent\" data-id=\"466ba5f\" data-element_type=\"container\" data-e-type=\"container\">\n\t\t\t\t\t<div class=\"e-con-inner\">\n\t\t<div class=\"elementor-element elementor-element-428388c e-con-full e-flex e-con e-child\" data-id=\"428388c\" data-element_type=\"container\" data-e-type=\"container\">\n\t\t\t\t<div class=\"elementor-element elementor-element-a4c4c51 elementor-widget elementor-widget-heading\" data-id=\"a4c4c51\" data-element_type=\"widget\" data-e-type=\"widget\" data-widget_type=\"heading.default\">\n\t\t\t\t<div class=\"elementor-widget-container\">\n\t\t\t\t\t<h1 class=\"elementor-heading-title elementor-size-default\">Tribute to Peter Maffay<\/h1>\t\t\t\t<\/div>\n\t\t\t\t<\/div>\n\t\t<div class=\"elementor-element elementor-element-c566383 e-con-full e-flex e-con e-child\" data-id=\"c566383\" data-element_type=\"container\" data-e-type=\"container\">\n\t\t<div class=\"elementor-element elementor-element-a51fcdc e-con-full e-flex e-con e-child\" data-id=\"a51fcdc\" data-element_type=\"container\" data-e-type=\"container\">\n\t\t\t\t<div class=\"elementor-element elementor-element-11956fb elementor-widget elementor-widget-heading\" data-id=\"11956fb\" data-element_type=\"widget\" data-e-type=\"widget\" data-widget_type=\"heading.default\">\n\t\t\t\t<div class=\"elementor-widget-container\">\n\t\t\t\t\t<h2 class=\"elementor-heading-title elementor-size-default\">Open Air am 1. August 2025<\/h2>\t\t\t\t<\/div>\n\t\t\t\t<\/div>\n\t\t\t\t<div class=\"elementor-element elementor-element-88e4698 elementor-widget elementor-widget-image\" data-id=\"88e4698\" data-element_type=\"widget\" data-e-type=\"widget\" data-widget_type=\"image.default\">\n\t\t\t\t<div class=\"elementor-widget-container\">\n\t\t\t\t\t\t\t\t\t\t\t\t\t\t\t\t<a href=\"https:\/\/frank-the-tank.de\/?page_id=201\">\n\t\t\t\t\t\t\t<img fetchpriority=\"high\" decoding=\"async\" width=\"573\" height=\"288\" src=\"https:\/\/frank-the-tank.de\/wp-content\/uploads\/2024\/09\/MaffayPur-Open-Air-2025-08-01-Bild.jpg\" class=\"attachment-large size-large wp-image-146\" alt=\"\" srcset=\"https:\/\/frank-the-tank.de\/wp-content\/uploads\/2024\/09\/MaffayPur-Open-Air-2025-08-01-Bild.jpg 573w, https:\/\/frank-the-tank.de\/wp-content\/uploads\/2024\/09\/MaffayPur-Open-Air-2025-08-01-Bild-300x151.jpg 300w\" sizes=\"(max-width: 573px) 100vw, 573px\" \/>\t\t\t\t\t\t\t\t<\/a>\n\t\t\t\t\t\t\t\t\t\t\t\t\t\t\t<\/div>\n\t\t\t\t<\/div>\n\t\t\t\t<div class=\"elementor-element elementor-element-92ea584 elementor-widget elementor-widget-image\" data-id=\"92ea584\" data-element_type=\"widget\" data-e-type=\"widget\" data-widget_type=\"image.default\">\n\t\t\t\t<div class=\"elementor-widget-container\">\n\t\t\t\t\t\t\t\t\t\t\t\t\t\t\t<img decoding=\"async\" width=\"311\" height=\"208\" src=\"https:\/\/frank-the-tank.de\/wp-content\/uploads\/2024\/09\/MaffayPur-Open-Air-2025-08-01-Bild-Joker.jpg\" class=\"attachment-large size-large wp-image-148\" alt=\"\" srcset=\"https:\/\/frank-the-tank.de\/wp-content\/uploads\/2024\/09\/MaffayPur-Open-Air-2025-08-01-Bild-Joker.jpg 311w, https:\/\/frank-the-tank.de\/wp-content\/uploads\/2024\/09\/MaffayPur-Open-Air-2025-08-01-Bild-Joker-300x201.jpg 300w\" sizes=\"(max-width: 311px) 100vw, 311px\" \/>\t\t\t\t\t\t\t\t\t\t\t\t\t\t\t<\/div>\n\t\t\t\t<\/div>\n\t\t\t\t<\/div>\n\t\t<div class=\"elementor-element elementor-element-cf416ef e-con-full e-flex e-con e-child\" data-id=\"cf416ef\" data-element_type=\"container\" data-e-type=\"container\">\n\t\t\t\t<div class=\"elementor-element elementor-element-d7e7512 elementor-widget elementor-widget-text-editor\" data-id=\"d7e7512\" data-element_type=\"widget\" data-e-type=\"widget\" data-widget_type=\"text-editor.default\">\n\t\t\t\t<div class=\"elementor-widget-container\">\n\t\t\t\t\t\t\t\t\t<p><strong>A Tribute to PETER MAFFAY<\/strong> <br \/>am 1. August 2025 neben dem Sportplatz in Friedberg-Fauerbach.<br \/>mit Joker<\/p><p>Bekannt aus der Sat.1 TV-Show .THE TRIBUTE&#8216; DIE SHOW DER LEGENDEN. Ausgezeichnet wurde die Band um Wolfgang Terne au\u00dferdem 2019- und 2023 beim Deutschen Rock &amp; Pop Preis mit dem ersten Platz in der Kategorie \u201eBeste Cover-RevivalBand \/ Bester Rocks\u00e4nger. Es gibt wahrhaft viele Gr\u00fcnde, Peter Maffay und<br \/>seiner Musik Tribut zu zollen. Wolfgang Terne hierzu: &#8222;Wir verstehen uns nicht als klassische Motto oder Tribute Band. Wir m\u00f6chten dem erfolgreichsten deutsch- sprachigen K\u00fcnstler unseren Respekt f\u00fcr sein Lebenswerk auf Augenh\u00f6he zollen, und zwar so, wie er es selbst vorlebt. Mit\u00a0 interpretationen zu seinen Songs!&#8220; In ganz Deutschland haben wir das &#8222;Maffay Feeling&#8220; schon feiern k\u00f6nnen: Auf gro\u00dfen Festivals, Open Air. in Hallen und gar gemeinsam mit der Mittels\u00e4chsischen Philharmonie.<\/p><p>JOKER. die siebenk\u00f6pfige Band, z\u00e4hlt mit ihrem vielseitigen und handgemachten Musikprogramm bereits seit \u00fcber vier Jahrzehnten zu den bekanntesten<br \/>Coverbands im Rhein-Main Gebiet. Mit der ehemaligen Profi-S\u00e4ngerin .Sonya Prada&#8220; sowie dem Schlagzeuger &#8222;Thomas Wolf&#8220; hat sich die Band im Jahr 2022 verst\u00e4rkt.<\/p>\t\t\t\t\t\t\t\t<\/div>\n\t\t\t\t<\/div>\n\t\t\t\t<\/div>\n\t\t\t\t<\/div>\n\t\t\t\t<div class=\"elementor-element elementor-element-7dd3ef6 elementor-widget elementor-widget-text-editor\" data-id=\"7dd3ef6\" data-element_type=\"widget\" data-e-type=\"widget\" data-widget_type=\"text-editor.default\">\n\t\t\t\t<div class=\"elementor-widget-container\">\n\t\t\t\t\t\t\t\t\t<p>Der Kartenvorverkauf hat bereits begonnen. Karten k\u00f6nnt Ihr gerne im Ticket-Shop in Friedberg sowie per E-Mail bei unserer Vorsitzenden Monika Seyfarth bestellen.<\/p>\t\t\t\t\t\t\t\t<\/div>\n\t\t\t\t<\/div>\n\t\t\t\t<div class=\"elementor-element elementor-element-0eac8b3 elementor-widget elementor-widget-spacer\" data-id=\"0eac8b3\" data-element_type=\"widget\" data-e-type=\"widget\" data-widget_type=\"spacer.default\">\n\t\t\t\t<div class=\"elementor-widget-container\">\n\t\t\t\t\t\t\t<div class=\"elementor-spacer\">\n\t\t\t<div class=\"elementor-spacer-inner\"><\/div>\n\t\t<\/div>\n\t\t\t\t\t\t<\/div>\n\t\t\t\t<\/div>\n\t\t\t\t<\/div>\n\t\t\t\t\t<\/div>\n\t\t\t\t<\/div>\n\t\t\t\t<\/div>\n\t\t","protected":false},"excerpt":{"rendered":"<p>Tribute to Peter Maffay Open Air am 1. August 2025 A Tribute to PETER MAFFAY am 1. August 2025 neben dem Sportplatz in Friedberg-Fauerbach.mit Joker Bekannt aus der Sat.1 TV-Show .THE TRIBUTE&#8216; DIE SHOW DER LEGENDEN. Ausgezeichnet wurde die Band um Wolfgang Terne au\u00dferdem 2019- und 2023 beim Deutschen Rock &amp; Pop Preis mit dem [&hellip;]<\/p>\n","protected":false},"author":1,"featured_media":0,"parent":0,"menu_order":0,"comment_status":"closed","ping_status":"closed","template":"","meta":{"ocean_post_layout":"full-screen","ocean_both_sidebars_style":"","ocean_both_sidebars_content_width":0,"ocean_both_sidebars_sidebars_width":0,"ocean_sidebar":"","ocean_second_sidebar":"","ocean_disable_margins":"enable","ocean_add_body_class":"","ocean_shortcode_before_top_bar":"","ocean_shortcode_after_top_bar":"","ocean_shortcode_before_header":"","ocean_shortcode_after_header":"","ocean_has_shortcode":"","ocean_shortcode_after_title":"","ocean_shortcode_before_footer_widgets":"","ocean_shortcode_after_footer_widgets":"","ocean_shortcode_before_footer_bottom":"","ocean_shortcode_after_footer_bottom":"","ocean_display_top_bar":"off","ocean_display_header":"off","ocean_header_style":"","ocean_center_header_left_menu":"","ocean_custom_header_template":"","ocean_custom_logo":0,"ocean_custom_retina_logo":0,"ocean_custom_logo_max_width":0,"ocean_custom_logo_tablet_max_width":0,"ocean_custom_logo_mobile_max_width":0,"ocean_custom_logo_max_height":0,"ocean_custom_logo_tablet_max_height":0,"ocean_custom_logo_mobile_max_height":0,"ocean_header_custom_menu":"","ocean_menu_typo_font_family":"","ocean_menu_typo_font_subset":"","ocean_menu_typo_font_size":0,"ocean_menu_typo_font_size_tablet":0,"ocean_menu_typo_font_size_mobile":0,"ocean_menu_typo_font_size_unit":"px","ocean_menu_typo_font_weight":"","ocean_menu_typo_font_weight_tablet":"","ocean_menu_typo_font_weight_mobile":"","ocean_menu_typo_transform":"","ocean_menu_typo_transform_tablet":"","ocean_menu_typo_transform_mobile":"","ocean_menu_typo_line_height":0,"ocean_menu_typo_line_height_tablet":0,"ocean_menu_typo_line_height_mobile":0,"ocean_menu_typo_line_height_unit":"","ocean_menu_typo_spacing":0,"ocean_menu_typo_spacing_tablet":0,"ocean_menu_typo_spacing_mobile":0,"ocean_menu_typo_spacing_unit":"","ocean_menu_link_color":"","ocean_menu_link_color_hover":"","ocean_menu_link_color_active":"","ocean_menu_link_background":"","ocean_menu_link_hover_background":"","ocean_menu_link_active_background":"","ocean_menu_social_links_bg":"","ocean_menu_social_hover_links_bg":"","ocean_menu_social_links_color":"","ocean_menu_social_hover_links_color":"","ocean_disable_title":"on","ocean_disable_heading":"on","ocean_post_title":"","ocean_post_subheading":"","ocean_post_title_style":"","ocean_post_title_background_color":"","ocean_post_title_background":0,"ocean_post_title_bg_image_position":"","ocean_post_title_bg_image_attachment":"","ocean_post_title_bg_image_repeat":"","ocean_post_title_bg_image_size":"","ocean_post_title_height":0,"ocean_post_title_bg_overlay":0.5,"ocean_post_title_bg_overlay_color":"","ocean_disable_breadcrumbs":"default","ocean_breadcrumbs_color":"","ocean_breadcrumbs_separator_color":"","ocean_breadcrumbs_links_color":"","ocean_breadcrumbs_links_hover_color":"","ocean_display_footer_widgets":"default","ocean_display_footer_bottom":"default","ocean_custom_footer_template":"","footnotes":""},"class_list":["post-201","page","type-page","status-publish","hentry","entry"],"_links":{"self":[{"href":"https:\/\/frank-the-tank.de\/index.php?rest_route=\/wp\/v2\/pages\/201","targetHints":{"allow":["GET"]}}],"collection":[{"href":"https:\/\/frank-the-tank.de\/index.php?rest_route=\/wp\/v2\/pages"}],"about":[{"href":"https:\/\/frank-the-tank.de\/index.php?rest_route=\/wp\/v2\/types\/page"}],"author":[{"embeddable":true,"href":"https:\/\/frank-the-tank.de\/index.php?rest_route=\/wp\/v2\/users\/1"}],"replies":[{"embeddable":true,"href":"https:\/\/frank-the-tank.de\/index.php?rest_route=%2Fwp%2Fv2%2Fcomments&post=201"}],"version-history":[{"count":7,"href":"https:\/\/frank-the-tank.de\/index.php?rest_route=\/wp\/v2\/pages\/201\/revisions"}],"predecessor-version":[{"id":211,"href":"https:\/\/frank-the-tank.de\/index.php?rest_route=\/wp\/v2\/pages\/201\/revisions\/211"}],"wp:attachment":[{"href":"https:\/\/frank-the-tank.de\/index.php?rest_route=%2Fwp%2Fv2%2Fmedia&parent=201"}],"curies":[{"name":"wp","href":"https:\/\/api.w.org\/{rel}","templated":true}]}}